{"id":987,"date":"2024-01-15T11:57:49","date_gmt":"2024-01-15T10:57:49","guid":{"rendered":"https:\/\/lucaninelmondo.regione.basilicata.it\/connessioni\/"},"modified":"2024-11-13T10:45:20","modified_gmt":"2024-11-13T09:45:20","slug":"conexiones","status":"publish","type":"page","link":"https:\/\/lucaninelmondo.regione.basilicata.it\/es\/conexiones\/","title":{"rendered":"Conexiones"},"content":{"rendered":"\n<p>En esta secci\u00f3n, en constante actualizaci\u00f3n, se han recopilado proyectos y plataformas p\u00fablicas y privadas que, a diferentes niveles, pueden ser herramientas \u00fatiles de informaci\u00f3n, actualizaci\u00f3n y consulta para los lucanos en el mundo.<\/p>\n\n\n\n<div style=\"height:40px\" aria-hidden=\"true\" class=\"wp-block-spacer\"><\/div>\n\n\n\n<h2 class=\"wp-block-heading\">Portal Antenati<\/h2>\n\n\n\n<div style=\"height:40px\" aria-hidden=\"true\" class=\"wp-block-spacer\"><\/div>\n\n\n\n<p>El Portal Antenati, en l\u00ednea con otros portales dedicados a la investigaci\u00f3n geneal\u00f3gica e hist\u00f3rica familiar en varios pa\u00edses, nace con el objetivo de poner a disposici\u00f3n en l\u00ednea el vasto patrimonio documental de inter\u00e9s de registros civiles y geneal\u00f3gicos\u2014en particular, actas de estado civil, listas de conscripci\u00f3n y registros militares\u2014conservados en los Archivos de Estado italianos. Esta documentaci\u00f3n es fundamental para realizar investigaciones sobre la historia familiar e individual, y tambi\u00e9n es de gran inter\u00e9s para la investigaci\u00f3n hist\u00f3rica, geneal\u00f3gica, demogr\u00e1fica y las ciencias sociales. La digitalizaci\u00f3n y publicaci\u00f3n de esta extensa documentaci\u00f3n en el Portal Antenati es posible gracias al acuerdo firmado en junio de 2011 y renovado entre la Direcci\u00f3n General de Archivos del Ministerio de Cultura y Family Search, Genealogical Society of Utah.<\/p>\n\n\n\n<p><a href=\"https:\/\/antenati.cultura.gov.it\/il-portale\/\">Portal Antenati<\/a><\/p>\n\n\n\n<div style=\"height:40px\" aria-hidden=\"true\" class=\"wp-block-spacer\"><\/div>\n\n\n\n<h3 class=\"wp-block-heading\">CISEI<\/h3>\n\n\n\n<div style=\"height:40px\" aria-hidden=\"true\" class=\"wp-block-spacer\"><\/div>\n\n\n\n<p>CISEI (Centro Internacional de Estudios sobre la Emigraci\u00f3n Italiana) de G\u00e9nova es un centro de investigaci\u00f3n y documentaci\u00f3n que recopila y estudia la historia de la emigraci\u00f3n italiana a trav\u00e9s de documentos, im\u00e1genes y testimonios. Su misi\u00f3n es preservar la memoria de los millones de italianos que emigraron entre los siglos XIX y XX y fomentar la investigaci\u00f3n sobre el fen\u00f3meno migratorio en colaboraci\u00f3n con instituciones internacionales.<\/p>\n\n\n\n<p>Una herramienta fundamental de CISEI es su base de datos, una plataforma digital que recoge informaci\u00f3n detallada sobre los migrantes, como nombres, lugares de nacimiento, rutas y medios de transporte utilizados, con acceso a los documentos originales digitalizados. La base de datos, actualizada continuamente gracias a asociaciones internacionales, est\u00e1 disponible en l\u00ednea y representa un recurso valioso para descendientes, investigadores y estudiosos de la migraci\u00f3n italiana.<\/p>\n\n\n\n<p><a href=\"http:\/\/www.ciseionline.it\/\">http:\/\/www.ciseionline.it\/<\/a><\/p>\n\n\n\n<div style=\"height:40px\" aria-hidden=\"true\" class=\"wp-block-spacer\"><\/div>\n\n\n\n<h3 class=\"wp-block-heading\">ITALEA<\/h3>\n\n\n\n<div style=\"height:40px\" aria-hidden=\"true\" class=\"wp-block-spacer\"><\/div>\n\n\n\n<p>ITALEA es una iniciativa del Ministerio de Relaciones Exteriores de Italia destinada a fortalecer el v\u00ednculo entre Italia y las comunidades italianas en el exterior, promoviendo el idioma y la cultura italianos en todo el mundo. El proyecto tiene como objetivo crear una red global que favorezca la difusi\u00f3n de los valores y tradiciones italianas, apoyando tambi\u00e9n la colaboraci\u00f3n cultural y econ\u00f3mica con los pa\u00edses extranjeros.<\/p>\n\n\n\n<p>A trav\u00e9s de ITALEA, el Ministerio de Relaciones Exteriores busca consolidar la identidad italiana entre las generaciones de italianos en el exterior y promover la italianidad como un patrimonio compartido, valorando el arte, la historia y el idioma italianos en las comunidades internacionales.<\/p>\n\n\n\n<p><a href=\"https:\/\/italea.com\/\">https:\/\/italea.com\/<\/a><\/p>\n\n\n\n<div style=\"height:40px\" aria-hidden=\"true\" class=\"wp-block-spacer\"><\/div>\n\n\n\n<h3 class=\"wp-block-heading\">Roots In<\/h3>\n\n\n\n<p>El proyecto de la Bolsa Internacional de Turismo de las Ra\u00edces est\u00e1 organizado por la Regi\u00f3n y la APT (Agencia de Promoci\u00f3n Territorial de Basilicata), en colaboraci\u00f3n con ENIT (Agencia Nacional de Turismo), con el patrocinio del Ministerio de Relaciones Exteriores y Cooperaci\u00f3n Internacional. Se propone como un punto de s\u00edntesis sobre el turismo de ra\u00edces y como facilitador para conectar la oferta y la demanda a nivel nacional.<\/p>\n\n\n\n<p><a href=\"https:\/\/www.roots-in.com\/\">https:\/\/www.roots-in.com\/<\/a><\/p>\n","protected":false},"excerpt":{"rendered":"<p>En esta secci\u00f3n, en constante actualizaci\u00f3n, se han recopilado proyectos y plataformas p\u00fablicas y privadas que, a diferentes niveles, pueden ser herramientas \u00fatiles de informaci\u00f3n, actualizaci\u00f3n y consulta para los lucanos en el mundo. Portal Antenati El Portal Antenati, en l\u00ednea con otros portales dedicados a la investigaci\u00f3n geneal\u00f3gica e hist\u00f3rica familiar en varios pa\u00edses, [&hellip;]<\/p>\n","protected":false},"author":1,"featured_media":0,"parent":0,"menu_order":0,"comment_status":"closed","ping_status":"closed","template":"","meta":{"_acf_changed":false,"footnotes":""},"class_list":["post-987","page","type-page","status-publish","hentry"],"acf":[],"yoast_head":"\n<title>Conexiones &#8211; Lucani nel Mondo<\/title>\n<meta name=\"description\" content=\"En esta secci\u00f3n, en constante actualizaci\u00f3n, se han recopilado proyectos y plataformas p\u00fablicas y privadas que, a diferentes niveles, pueden ser herramientas \u00fatiles de informaci\u00f3n, actualizaci\u00f3n y consulta para los lucanos en el mundo.\" \/>\n<meta name=\"robots\" content=\"index, follow, max-snippet:-1, max-image-preview:large, max-video-preview:-1\" \/>\n<link rel=\"canonical\" href=\"https:\/\/lucaninelmondo.regione.basilicata.it\/es\/conexiones\/\" \/>\n<meta property=\"og:locale\" content=\"es_ES\" \/>\n<meta property=\"og:type\" content=\"article\" \/>\n<meta property=\"og:title\" content=\"Conexiones &#8211; Lucani nel Mondo\" \/>\n<meta property=\"og:description\" content=\"En esta secci\u00f3n, en constante actualizaci\u00f3n, se han recopilado proyectos y plataformas p\u00fablicas y privadas que, a diferentes niveles, pueden ser herramientas \u00fatiles de informaci\u00f3n, actualizaci\u00f3n y consulta para los lucanos en el mundo.\" \/>\n<meta property=\"og:url\" content=\"https:\/\/lucaninelmondo.regione.basilicata.it\/es\/conexiones\/\" \/>\n<meta property=\"og:site_name\" content=\"Lucani nel Mondo\" \/>\n<meta property=\"article:modified_time\" content=\"2024-11-13T09:45:20+00:00\" \/>\n<meta property=\"og:image\" content=\"https:\/\/lucaninelmondo.regione.basilicata.it\/wp-content\/uploads\/2023\/12\/segnaposto.jpg\" \/>\n\t<meta property=\"og:image:width\" content=\"1400\" \/>\n\t<meta property=\"og:image:height\" content=\"1400\" \/>\n\t<meta property=\"og:image:type\" content=\"image\/jpeg\" \/>\n<script type=\"application\/ld+json\" class=\"yoast-schema-graph\">{\"@context\":\"https:\/\/schema.org\",\"@graph\":[{\"@type\":\"WebPage\",\"@id\":\"https:\/\/lucaninelmondo.regione.basilicata.it\/es\/conexiones\/\",\"url\":\"https:\/\/lucaninelmondo.regione.basilicata.it\/es\/conexiones\/\",\"name\":\"Conexiones &#8211; Lucani nel Mondo\",\"isPartOf\":{\"@id\":\"https:\/\/lucaninelmondo.regione.basilicata.it\/es\/#website\"},\"datePublished\":\"2024-01-15T10:57:49+00:00\",\"dateModified\":\"2024-11-13T09:45:20+00:00\",\"description\":\"En esta secci\u00f3n, en constante actualizaci\u00f3n, se han recopilado proyectos y plataformas p\u00fablicas y privadas que, a diferentes niveles, pueden ser herramientas \u00fatiles de informaci\u00f3n, actualizaci\u00f3n y consulta para los lucanos en el mundo.\",\"breadcrumb\":{\"@id\":\"https:\/\/lucaninelmondo.regione.basilicata.it\/es\/conexiones\/#breadcrumb\"},\"inLanguage\":\"es\",\"potentialAction\":[{\"@type\":\"ReadAction\",\"target\":[\"https:\/\/lucaninelmondo.regione.basilicata.it\/es\/conexiones\/\"]}]},{\"@type\":\"BreadcrumbList\",\"@id\":\"https:\/\/lucaninelmondo.regione.basilicata.it\/es\/conexiones\/#breadcrumb\",\"itemListElement\":[{\"@type\":\"ListItem\",\"position\":1,\"name\":\"Home\",\"item\":\"https:\/\/lucaninelmondo.regione.basilicata.it\/es\/\"},{\"@type\":\"ListItem\",\"position\":2,\"name\":\"Conexiones\"}]},{\"@type\":\"WebSite\",\"@id\":\"https:\/\/lucaninelmondo.regione.basilicata.it\/es\/#website\",\"url\":\"https:\/\/lucaninelmondo.regione.basilicata.it\/es\/\",\"name\":\"Lucani nel Mondo\",\"description\":\"\",\"publisher\":{\"@id\":\"https:\/\/lucaninelmondo.regione.basilicata.it\/es\/#organization\"},\"potentialAction\":[{\"@type\":\"SearchAction\",\"target\":{\"@type\":\"EntryPoint\",\"urlTemplate\":\"https:\/\/lucaninelmondo.regione.basilicata.it\/es\/?s={search_term_string}\"},\"query-input\":{\"@type\":\"PropertyValueSpecification\",\"valueRequired\":true,\"valueName\":\"search_term_string\"}}],\"inLanguage\":\"es\"},{\"@type\":\"Organization\",\"@id\":\"https:\/\/lucaninelmondo.regione.basilicata.it\/es\/#organization\",\"name\":\"Lucani nel Mondo\",\"url\":\"https:\/\/lucaninelmondo.regione.basilicata.it\/es\/\",\"logo\":{\"@type\":\"ImageObject\",\"inLanguage\":\"es\",\"@id\":\"https:\/\/lucaninelmondo.regione.basilicata.it\/es\/#\/schema\/logo\/image\/\",\"url\":\"https:\/\/lucaninelmondo.regione.basilicata.it\/wp-content\/uploads\/2023\/11\/logo_header.png\",\"contentUrl\":\"https:\/\/lucaninelmondo.regione.basilicata.it\/wp-content\/uploads\/2023\/11\/logo_header.png\",\"width\":283,\"height\":284,\"caption\":\"Lucani nel Mondo\"},\"image\":{\"@id\":\"https:\/\/lucaninelmondo.regione.basilicata.it\/es\/#\/schema\/logo\/image\/\"}}]}<\/script>\n","yoast_head_json":{"title":"Conexiones &#8211; Lucani nel Mondo","description":"En esta secci\u00f3n, en constante actualizaci\u00f3n, se han recopilado proyectos y plataformas p\u00fablicas y privadas que, a diferentes niveles, pueden ser herramientas \u00fatiles de informaci\u00f3n, actualizaci\u00f3n y consulta para los lucanos en el mundo.","robots":{"index":"index","follow":"follow","max-snippet":"max-snippet:-1","max-image-preview":"max-image-preview:large","max-video-preview":"max-video-preview:-1"},"canonical":"https:\/\/lucaninelmondo.regione.basilicata.it\/es\/conexiones\/","og_locale":"es_ES","og_type":"article","og_title":"Conexiones &#8211; Lucani nel Mondo","og_description":"En esta secci\u00f3n, en constante actualizaci\u00f3n, se han recopilado proyectos y plataformas p\u00fablicas y privadas que, a diferentes niveles, pueden ser herramientas \u00fatiles de informaci\u00f3n, actualizaci\u00f3n y consulta para los lucanos en el mundo.","og_url":"https:\/\/lucaninelmondo.regione.basilicata.it\/es\/conexiones\/","og_site_name":"Lucani nel Mondo","article_modified_time":"2024-11-13T09:45:20+00:00","og_image":[{"width":1400,"height":1400,"url":"https:\/\/lucaninelmondo.regione.basilicata.it\/wp-content\/uploads\/2023\/12\/segnaposto.jpg","type":"image\/jpeg"}],"schema":{"@context":"https:\/\/schema.org","@graph":[{"@type":"WebPage","@id":"https:\/\/lucaninelmondo.regione.basilicata.it\/es\/conexiones\/","url":"https:\/\/lucaninelmondo.regione.basilicata.it\/es\/conexiones\/","name":"Conexiones &#8211; Lucani nel Mondo","isPartOf":{"@id":"https:\/\/lucaninelmondo.regione.basilicata.it\/es\/#website"},"datePublished":"2024-01-15T10:57:49+00:00","dateModified":"2024-11-13T09:45:20+00:00","description":"En esta secci\u00f3n, en constante actualizaci\u00f3n, se han recopilado proyectos y plataformas p\u00fablicas y privadas que, a diferentes niveles, pueden ser herramientas \u00fatiles de informaci\u00f3n, actualizaci\u00f3n y consulta para los lucanos en el mundo.","breadcrumb":{"@id":"https:\/\/lucaninelmondo.regione.basilicata.it\/es\/conexiones\/#breadcrumb"},"inLanguage":"es","potentialAction":[{"@type":"ReadAction","target":["https:\/\/lucaninelmondo.regione.basilicata.it\/es\/conexiones\/"]}]},{"@type":"BreadcrumbList","@id":"https:\/\/lucaninelmondo.regione.basilicata.it\/es\/conexiones\/#breadcrumb","itemListElement":[{"@type":"ListItem","position":1,"name":"Home","item":"https:\/\/lucaninelmondo.regione.basilicata.it\/es\/"},{"@type":"ListItem","position":2,"name":"Conexiones"}]},{"@type":"WebSite","@id":"https:\/\/lucaninelmondo.regione.basilicata.it\/es\/#website","url":"https:\/\/lucaninelmondo.regione.basilicata.it\/es\/","name":"Lucani nel Mondo","description":"","publisher":{"@id":"https:\/\/lucaninelmondo.regione.basilicata.it\/es\/#organization"},"potentialAction":[{"@type":"SearchAction","target":{"@type":"EntryPoint","urlTemplate":"https:\/\/lucaninelmondo.regione.basilicata.it\/es\/?s={search_term_string}"},"query-input":{"@type":"PropertyValueSpecification","valueRequired":true,"valueName":"search_term_string"}}],"inLanguage":"es"},{"@type":"Organization","@id":"https:\/\/lucaninelmondo.regione.basilicata.it\/es\/#organization","name":"Lucani nel Mondo","url":"https:\/\/lucaninelmondo.regione.basilicata.it\/es\/","logo":{"@type":"ImageObject","inLanguage":"es","@id":"https:\/\/lucaninelmondo.regione.basilicata.it\/es\/#\/schema\/logo\/image\/","url":"https:\/\/lucaninelmondo.regione.basilicata.it\/wp-content\/uploads\/2023\/11\/logo_header.png","contentUrl":"https:\/\/lucaninelmondo.regione.basilicata.it\/wp-content\/uploads\/2023\/11\/logo_header.png","width":283,"height":284,"caption":"Lucani nel Mondo"},"image":{"@id":"https:\/\/lucaninelmondo.regione.basilicata.it\/es\/#\/schema\/logo\/image\/"}}]}},"_links":{"self":[{"href":"https:\/\/lucaninelmondo.regione.basilicata.it\/es\/wp-json\/wp\/v2\/pages\/987","targetHints":{"allow":["GET"]}}],"collection":[{"href":"https:\/\/lucaninelmondo.regione.basilicata.it\/es\/wp-json\/wp\/v2\/pages"}],"about":[{"href":"https:\/\/lucaninelmondo.regione.basilicata.it\/es\/wp-json\/wp\/v2\/types\/page"}],"author":[{"embeddable":true,"href":"https:\/\/lucaninelmondo.regione.basilicata.it\/es\/wp-json\/wp\/v2\/users\/1"}],"replies":[{"embeddable":true,"href":"https:\/\/lucaninelmondo.regione.basilicata.it\/es\/wp-json\/wp\/v2\/comments?post=987"}],"version-history":[{"count":1,"href":"https:\/\/lucaninelmondo.regione.basilicata.it\/es\/wp-json\/wp\/v2\/pages\/987\/revisions"}],"predecessor-version":[{"id":989,"href":"https:\/\/lucaninelmondo.regione.basilicata.it\/es\/wp-json\/wp\/v2\/pages\/987\/revisions\/989"}],"wp:attachment":[{"href":"https:\/\/lucaninelmondo.regione.basilicata.it\/es\/wp-json\/wp\/v2\/media?parent=987"}],"curies":[{"name":"wp","href":"https:\/\/api.w.org\/{rel}","templated":true}]}}