{"id":960,"date":"2023-11-30T18:09:55","date_gmt":"2023-11-30T17:09:55","guid":{"rendered":"https:\/\/lucaninelmondo.regione.basilicata.it\/basilicate\/"},"modified":"2025-11-04T09:48:47","modified_gmt":"2025-11-04T08:48:47","slug":"basilicate","status":"publish","type":"page","link":"https:\/\/lucaninelmondo.regione.basilicata.it\/es\/basilicate\/","title":{"rendered":"BASILICAT\u00cb"},"content":{"rendered":"","protected":false},"excerpt":{"rendered":"","protected":false},"author":1,"featured_media":777,"parent":0,"menu_order":0,"comment_status":"closed","ping_status":"closed","template":"mostre_page.php","meta":{"_acf_changed":false,"footnotes":""},"class_list":["post-960","page","type-page","status-publish","has-post-thumbnail","hentry"],"acf":[],"yoast_head":"\n<title>BASILICAT\u00cb &#8211; Lucani nel Mondo<\/title>\n<meta name=\"description\" content=\"BASILICAT\u00cb es un proyecto de investigaci\u00f3n y documentaci\u00f3n sobre la cultura lucana en el mundo. El proyecto fue dise\u00f1ado y construido en conjunto con las comunidades lucanianas de Nueva York, Buenos Aires y Montevideo.\" \/>\n<meta name=\"robots\" content=\"index, follow, max-snippet:-1, max-image-preview:large, max-video-preview:-1\" \/>\n<link rel=\"canonical\" href=\"https:\/\/lucaninelmondo.regione.basilicata.it\/es\/basilicate\/\" \/>\n<meta property=\"og:locale\" content=\"es_ES\" \/>\n<meta property=\"og:type\" content=\"article\" \/>\n<meta property=\"og:title\" content=\"BASILICAT\u00cb &#8211; Lucani nel Mondo\" \/>\n<meta property=\"og:description\" content=\"BASILICAT\u00cb es un proyecto de investigaci\u00f3n y documentaci\u00f3n sobre la cultura lucana en el mundo. El proyecto fue dise\u00f1ado y construido en conjunto con las comunidades lucanianas de Nueva York, Buenos Aires y Montevideo.\" \/>\n<meta property=\"og:url\" content=\"https:\/\/lucaninelmondo.regione.basilicata.it\/es\/basilicate\/\" \/>\n<meta property=\"og:site_name\" content=\"Lucani nel Mondo\" \/>\n<meta property=\"article:modified_time\" content=\"2025-11-04T08:48:47+00:00\" \/>\n<meta property=\"og:image\" content=\"https:\/\/lucaninelmondo.regione.basilicata.it\/wp-content\/uploads\/2024\/07\/00-basilicate-cover.jpg\" \/>\n\t<meta property=\"og:image:width\" content=\"1920\" \/>\n\t<meta property=\"og:image:height\" content=\"1080\" \/>\n\t<meta property=\"og:image:type\" content=\"image\/jpeg\" \/>\n<script type=\"application\/ld+json\" class=\"yoast-schema-graph\">{\"@context\":\"https:\/\/schema.org\",\"@graph\":[{\"@type\":\"WebPage\",\"@id\":\"https:\/\/lucaninelmondo.regione.basilicata.it\/es\/basilicate\/\",\"url\":\"https:\/\/lucaninelmondo.regione.basilicata.it\/es\/basilicate\/\",\"name\":\"BASILICAT\u00cb &#8211; Lucani nel Mondo\",\"isPartOf\":{\"@id\":\"https:\/\/lucaninelmondo.regione.basilicata.it\/es\/#website\"},\"primaryImageOfPage\":{\"@id\":\"https:\/\/lucaninelmondo.regione.basilicata.it\/es\/basilicate\/#primaryimage\"},\"image\":{\"@id\":\"https:\/\/lucaninelmondo.regione.basilicata.it\/es\/basilicate\/#primaryimage\"},\"thumbnailUrl\":\"https:\/\/lucaninelmondo.regione.basilicata.it\/wp-content\/uploads\/2024\/07\/00-basilicate-cover.jpg\",\"datePublished\":\"2023-11-30T17:09:55+00:00\",\"dateModified\":\"2025-11-04T08:48:47+00:00\",\"description\":\"BASILICAT\u00cb es un proyecto de investigaci\u00f3n y documentaci\u00f3n sobre la cultura lucana en el mundo. El proyecto fue dise\u00f1ado y construido en conjunto con las comunidades lucanianas de Nueva York, Buenos Aires y Montevideo.\",\"breadcrumb\":{\"@id\":\"https:\/\/lucaninelmondo.regione.basilicata.it\/es\/basilicate\/#breadcrumb\"},\"inLanguage\":\"es\",\"potentialAction\":[{\"@type\":\"ReadAction\",\"target\":[\"https:\/\/lucaninelmondo.regione.basilicata.it\/es\/basilicate\/\"]}]},{\"@type\":\"ImageObject\",\"inLanguage\":\"es\",\"@id\":\"https:\/\/lucaninelmondo.regione.basilicata.it\/es\/basilicate\/#primaryimage\",\"url\":\"https:\/\/lucaninelmondo.regione.basilicata.it\/wp-content\/uploads\/2024\/07\/00-basilicate-cover.jpg\",\"contentUrl\":\"https:\/\/lucaninelmondo.regione.basilicata.it\/wp-content\/uploads\/2024\/07\/00-basilicate-cover.jpg\",\"width\":1920,\"height\":1080},{\"@type\":\"BreadcrumbList\",\"@id\":\"https:\/\/lucaninelmondo.regione.basilicata.it\/es\/basilicate\/#breadcrumb\",\"itemListElement\":[{\"@type\":\"ListItem\",\"position\":1,\"name\":\"Home\",\"item\":\"https:\/\/lucaninelmondo.regione.basilicata.it\/es\/\"},{\"@type\":\"ListItem\",\"position\":2,\"name\":\"BASILICAT\u00cb\"}]},{\"@type\":\"WebSite\",\"@id\":\"https:\/\/lucaninelmondo.regione.basilicata.it\/es\/#website\",\"url\":\"https:\/\/lucaninelmondo.regione.basilicata.it\/es\/\",\"name\":\"Lucani nel Mondo\",\"description\":\"\",\"publisher\":{\"@id\":\"https:\/\/lucaninelmondo.regione.basilicata.it\/es\/#organization\"},\"potentialAction\":[{\"@type\":\"SearchAction\",\"target\":{\"@type\":\"EntryPoint\",\"urlTemplate\":\"https:\/\/lucaninelmondo.regione.basilicata.it\/es\/?s={search_term_string}\"},\"query-input\":{\"@type\":\"PropertyValueSpecification\",\"valueRequired\":true,\"valueName\":\"search_term_string\"}}],\"inLanguage\":\"es\"},{\"@type\":\"Organization\",\"@id\":\"https:\/\/lucaninelmondo.regione.basilicata.it\/es\/#organization\",\"name\":\"Lucani nel Mondo\",\"url\":\"https:\/\/lucaninelmondo.regione.basilicata.it\/es\/\",\"logo\":{\"@type\":\"ImageObject\",\"inLanguage\":\"es\",\"@id\":\"https:\/\/lucaninelmondo.regione.basilicata.it\/es\/#\/schema\/logo\/image\/\",\"url\":\"https:\/\/lucaninelmondo.regione.basilicata.it\/wp-content\/uploads\/2023\/11\/logo_header.png\",\"contentUrl\":\"https:\/\/lucaninelmondo.regione.basilicata.it\/wp-content\/uploads\/2023\/11\/logo_header.png\",\"width\":283,\"height\":284,\"caption\":\"Lucani nel Mondo\"},\"image\":{\"@id\":\"https:\/\/lucaninelmondo.regione.basilicata.it\/es\/#\/schema\/logo\/image\/\"}}]}<\/script>\n","yoast_head_json":{"title":"BASILICAT\u00cb &#8211; Lucani nel Mondo","description":"BASILICAT\u00cb es un proyecto de investigaci\u00f3n y documentaci\u00f3n sobre la cultura lucana en el mundo. El proyecto fue dise\u00f1ado y construido en conjunto con las comunidades lucanianas de Nueva York, Buenos Aires y Montevideo.","robots":{"index":"index","follow":"follow","max-snippet":"max-snippet:-1","max-image-preview":"max-image-preview:large","max-video-preview":"max-video-preview:-1"},"canonical":"https:\/\/lucaninelmondo.regione.basilicata.it\/es\/basilicate\/","og_locale":"es_ES","og_type":"article","og_title":"BASILICAT\u00cb &#8211; Lucani nel Mondo","og_description":"BASILICAT\u00cb es un proyecto de investigaci\u00f3n y documentaci\u00f3n sobre la cultura lucana en el mundo. El proyecto fue dise\u00f1ado y construido en conjunto con las comunidades lucanianas de Nueva York, Buenos Aires y Montevideo.","og_url":"https:\/\/lucaninelmondo.regione.basilicata.it\/es\/basilicate\/","og_site_name":"Lucani nel Mondo","article_modified_time":"2025-11-04T08:48:47+00:00","og_image":[{"width":1920,"height":1080,"url":"https:\/\/lucaninelmondo.regione.basilicata.it\/wp-content\/uploads\/2024\/07\/00-basilicate-cover.jpg","type":"image\/jpeg"}],"schema":{"@context":"https:\/\/schema.org","@graph":[{"@type":"WebPage","@id":"https:\/\/lucaninelmondo.regione.basilicata.it\/es\/basilicate\/","url":"https:\/\/lucaninelmondo.regione.basilicata.it\/es\/basilicate\/","name":"BASILICAT\u00cb &#8211; Lucani nel Mondo","isPartOf":{"@id":"https:\/\/lucaninelmondo.regione.basilicata.it\/es\/#website"},"primaryImageOfPage":{"@id":"https:\/\/lucaninelmondo.regione.basilicata.it\/es\/basilicate\/#primaryimage"},"image":{"@id":"https:\/\/lucaninelmondo.regione.basilicata.it\/es\/basilicate\/#primaryimage"},"thumbnailUrl":"https:\/\/lucaninelmondo.regione.basilicata.it\/wp-content\/uploads\/2024\/07\/00-basilicate-cover.jpg","datePublished":"2023-11-30T17:09:55+00:00","dateModified":"2025-11-04T08:48:47+00:00","description":"BASILICAT\u00cb es un proyecto de investigaci\u00f3n y documentaci\u00f3n sobre la cultura lucana en el mundo. El proyecto fue dise\u00f1ado y construido en conjunto con las comunidades lucanianas de Nueva York, Buenos Aires y Montevideo.","breadcrumb":{"@id":"https:\/\/lucaninelmondo.regione.basilicata.it\/es\/basilicate\/#breadcrumb"},"inLanguage":"es","potentialAction":[{"@type":"ReadAction","target":["https:\/\/lucaninelmondo.regione.basilicata.it\/es\/basilicate\/"]}]},{"@type":"ImageObject","inLanguage":"es","@id":"https:\/\/lucaninelmondo.regione.basilicata.it\/es\/basilicate\/#primaryimage","url":"https:\/\/lucaninelmondo.regione.basilicata.it\/wp-content\/uploads\/2024\/07\/00-basilicate-cover.jpg","contentUrl":"https:\/\/lucaninelmondo.regione.basilicata.it\/wp-content\/uploads\/2024\/07\/00-basilicate-cover.jpg","width":1920,"height":1080},{"@type":"BreadcrumbList","@id":"https:\/\/lucaninelmondo.regione.basilicata.it\/es\/basilicate\/#breadcrumb","itemListElement":[{"@type":"ListItem","position":1,"name":"Home","item":"https:\/\/lucaninelmondo.regione.basilicata.it\/es\/"},{"@type":"ListItem","position":2,"name":"BASILICAT\u00cb"}]},{"@type":"WebSite","@id":"https:\/\/lucaninelmondo.regione.basilicata.it\/es\/#website","url":"https:\/\/lucaninelmondo.regione.basilicata.it\/es\/","name":"Lucani nel Mondo","description":"","publisher":{"@id":"https:\/\/lucaninelmondo.regione.basilicata.it\/es\/#organization"},"potentialAction":[{"@type":"SearchAction","target":{"@type":"EntryPoint","urlTemplate":"https:\/\/lucaninelmondo.regione.basilicata.it\/es\/?s={search_term_string}"},"query-input":{"@type":"PropertyValueSpecification","valueRequired":true,"valueName":"search_term_string"}}],"inLanguage":"es"},{"@type":"Organization","@id":"https:\/\/lucaninelmondo.regione.basilicata.it\/es\/#organization","name":"Lucani nel Mondo","url":"https:\/\/lucaninelmondo.regione.basilicata.it\/es\/","logo":{"@type":"ImageObject","inLanguage":"es","@id":"https:\/\/lucaninelmondo.regione.basilicata.it\/es\/#\/schema\/logo\/image\/","url":"https:\/\/lucaninelmondo.regione.basilicata.it\/wp-content\/uploads\/2023\/11\/logo_header.png","contentUrl":"https:\/\/lucaninelmondo.regione.basilicata.it\/wp-content\/uploads\/2023\/11\/logo_header.png","width":283,"height":284,"caption":"Lucani nel Mondo"},"image":{"@id":"https:\/\/lucaninelmondo.regione.basilicata.it\/es\/#\/schema\/logo\/image\/"}}]}},"_links":{"self":[{"href":"https:\/\/lucaninelmondo.regione.basilicata.it\/es\/wp-json\/wp\/v2\/pages\/960","targetHints":{"allow":["GET"]}}],"collection":[{"href":"https:\/\/lucaninelmondo.regione.basilicata.it\/es\/wp-json\/wp\/v2\/pages"}],"about":[{"href":"https:\/\/lucaninelmondo.regione.basilicata.it\/es\/wp-json\/wp\/v2\/types\/page"}],"author":[{"embeddable":true,"href":"https:\/\/lucaninelmondo.regione.basilicata.it\/es\/wp-json\/wp\/v2\/users\/1"}],"replies":[{"embeddable":true,"href":"https:\/\/lucaninelmondo.regione.basilicata.it\/es\/wp-json\/wp\/v2\/comments?post=960"}],"version-history":[{"count":4,"href":"https:\/\/lucaninelmondo.regione.basilicata.it\/es\/wp-json\/wp\/v2\/pages\/960\/revisions"}],"predecessor-version":[{"id":1244,"href":"https:\/\/lucaninelmondo.regione.basilicata.it\/es\/wp-json\/wp\/v2\/pages\/960\/revisions\/1244"}],"wp:featuredmedia":[{"embeddable":true,"href":"https:\/\/lucaninelmondo.regione.basilicata.it\/es\/wp-json\/wp\/v2\/media\/777"}],"wp:attachment":[{"href":"https:\/\/lucaninelmondo.regione.basilicata.it\/es\/wp-json\/wp\/v2\/media?parent=960"}],"curies":[{"name":"wp","href":"https:\/\/api.w.org\/{rel}","templated":true}]}}