{"id":632,"date":"2023-12-01T18:05:06","date_gmt":"2023-12-01T17:05:06","guid":{"rendered":"https:\/\/lucaninelmondo.regione.basilicata.it\/registra-utente\/"},"modified":"2024-11-13T11:48:26","modified_gmt":"2024-11-13T10:48:26","slug":"registra-usuario","status":"publish","type":"page","link":"https:\/\/lucaninelmondo.regione.basilicata.it\/es\/registra-usuario\/","title":{"rendered":"Registrarse como usuario"},"content":{"rendered":"\n<p>\u00bfQuieres mantenerte siempre actualizado sobre la comunidad de lucanos en el mundo? \u00bfQuieres participar en las actividades que se realizan en Italia y en el extranjero dentro de las comunidades?<\/p>\n\n\n\n<p>\u00a1Reg\u00edstrate en la plataforma y forma parte de la comunidad!<\/p>\n\n\n\n<div style=\"height:40px\" aria-hidden=\"true\" class=\"wp-block-spacer\"><\/div>\n\n\n\t<div class='user-registration ur-frontend-form ' id='user-registration-form-999'>\n\t\t\t\t\t<form method='post' class='register' data-form-id=\"999\"\n\t\t\t\tdata-enable-strength-password=\"1\" data-minimum-password-strength=\"2\"\n\t\t\t\t\t\t\t\t\t\t\t\t\t\t\t \"enctype=multipart\/form-data\" data-captcha-enabled=\"\">\n\n\t\t\t\t<div class=\"ur-form-row\" data-row-id=\"0\">\t\t\t\t\t\t<div class=\"ur-form-grid ur-grid-1\"\n\t\t\t\t\t\t\tstyle=\"width:48%\">\n\t\t\t\t\t\t\t\t\t\t\t\t\t\t<div data-field-id=\"user_login\" class=\"ur-field-item field-user_login \" data-ref-id=\"user_login\">\n\t\t\t\t\t\t\t\t\t<div class=\"form-row validate-required\" id=\"user_login_field\" data-priority=\"\" ><label for=\"user_login\" class=\"ur-label\">Nombre de usuario <abbr class=\"required\" title=\"required\">*<\/abbr><\/label> <span class=\"input-wrapper\"> <input data-rules=\"\" data-id=\"user_login\" type=\"text\" class=\"input-text input-text ur-frontend-field \" name=\"user_login\" id=\"user_login\" placeholder=\"\" value=\"\" required=\"required\" data-label=\"Nombre de usuario\" data-username-character=\"1\"\/> <\/span> <\/div>\t\t\t\t\t\t\t\t<\/div>\n\t\t\t\t\t\t\t\t\t\t\t\t\t\t\t\t<div data-field-id=\"user_pass\" class=\"ur-field-item field-user_pass \" data-ref-id=\"user_pass\">\n\t\t\t\t\t\t\t\t\t<div class=\"form-row validate-required hide_show_password\" id=\"user_pass_field\" data-priority=\"\"><label for=\"user_pass\" class=\"ur-label\">Contrase\u00f1a de usuario <abbr class=\"required\" title=\"required\">*<\/abbr><\/label> <span class=\"input-wrapper\"> <span class=\"password-input-group input-form-field-icons\"><input data-rules=\"\" data-id=\"user_pass\" type=\"password\" class=\"input-text input-password ur-frontend-field \" name=\"user_pass\" id=\"user_pass\" placeholder=\"\" value=\"\" required=\"required\" data-label=\"Contrase\u00f1a de usuario\" \/><\/span> <\/span> <\/div>\t\t\t\t\t\t\t\t<\/div>\n\t\t\t\t\t\t\t\t\t\t\t\t\t\t\t\t<div data-field-id=\"first_name\" class=\"ur-field-item field-first_name \" data-ref-id=\"first_name\">\n\t\t\t\t\t\t\t\t\t<div class=\"form-row validate-required\" id=\"first_name_field\" data-priority=\"\" ><label for=\"first_name\" class=\"ur-label\">Nombre <abbr class=\"required\" title=\"required\">*<\/abbr><\/label> <span class=\"input-wrapper\"> <input data-rules=\"\" data-id=\"first_name\" type=\"text\" class=\"input-text input-text ur-frontend-field \" name=\"first_name\" id=\"first_name\" placeholder=\"\" value=\"\" required=\"required\" data-label=\"Nombre\" \/> <\/span> <\/div>\t\t\t\t\t\t\t\t<\/div>\n\t\t\t\t\t\t\t\t\t\t\t\t\t\t\t\t<div data-field-id=\"telefono_user\" class=\"ur-field-item field-text \" data-ref-id=\"telefono_user\">\n\t\t\t\t\t\t\t\t\t<div class=\"form-row \" id=\"telefono_user_field\" data-priority=\"\" ><label for=\"telefono_user\" class=\"ur-label\">Tel\u00e9fono (+ c\u00f3digo de pa\u00eds)<\/label> <span class=\"input-wrapper\"> <input data-rules=\"\" data-id=\"telefono_user\" type=\"text\" class=\"input-text input-text ur-frontend-field \" name=\"telefono_user\" id=\"telefono_user\" placeholder=\"\" value=\"\" data-label=\"Tel\u00e9fono (+ c\u00f3digo de pa\u00eds)\" \/> <\/span> <\/div>\t\t\t\t\t\t\t\t<\/div>\n\t\t\t\t\t\t\t\t\t\t\t\t\t\t<\/div>\n\t\t\t\t\t\t\t\t\t\t\t\t<div class=\"ur-form-grid ur-grid-2\"\n\t\t\t\t\t\t\tstyle=\"width:48%\">\n\t\t\t\t\t\t\t\t\t\t\t\t\t\t<div data-field-id=\"user_email\" class=\"ur-field-item field-user_email \" data-ref-id=\"user_email\">\n\t\t\t\t\t\t\t\t\t<div class=\"form-row validate-required\" id=\"user_email_field\" data-priority=\"\" ><label for=\"user_email\" class=\"ur-label\">Correo electr\u00f3nico del usuario <abbr class=\"required\" title=\"required\">*<\/abbr><\/label> <span class=\"input-wrapper\"> <input data-rules=\"\" data-id=\"user_email\" type=\"email\" class=\"input-text input-email ur-frontend-field \" name=\"user_email\" id=\"user_email\" placeholder=\"\" value=\"\" required=\"required\" data-label=\"Correo electr\u00f3nico del usuario\" \/> <\/span> <\/div>\t\t\t\t\t\t\t\t<\/div>\n\t\t\t\t\t\t\t\t\t\t\t\t\t\t\t\t<div data-field-id=\"user_confirm_password\" class=\"ur-field-item field-user_confirm_password \" data-ref-id=\"user_confirm_password\">\n\t\t\t\t\t\t\t\t\t<div class=\"form-row validate-required hide_show_password\" id=\"user_confirm_password_field\" data-priority=\"\"><label for=\"user_confirm_password\" class=\"ur-label\">Confirmar contrase\u00f1a <abbr class=\"required\" title=\"required\">*<\/abbr><\/label> <span class=\"input-wrapper\"> <span class=\"password-input-group input-form-field-icons\"><input data-rules=\"\" data-id=\"user_confirm_password\" type=\"password\" class=\"input-text input-password ur-frontend-field \" name=\"user_confirm_password\" id=\"user_confirm_password\" placeholder=\"\" value=\"\" required=\"required\" data-label=\"Confirmar contrase\u00f1a\" \/><\/span> <\/span> <\/div>\t\t\t\t\t\t\t\t<\/div>\n\t\t\t\t\t\t\t\t\t\t\t\t\t\t\t\t<div data-field-id=\"last_name\" class=\"ur-field-item field-last_name \" data-ref-id=\"last_name\">\n\t\t\t\t\t\t\t\t\t<div class=\"form-row validate-required\" id=\"last_name_field\" data-priority=\"\" ><label for=\"last_name\" class=\"ur-label\">Apellido <abbr class=\"required\" title=\"required\">*<\/abbr><\/label> <span class=\"input-wrapper\"> <input data-rules=\"\" data-id=\"last_name\" type=\"text\" class=\"input-text input-text ur-frontend-field \" name=\"last_name\" id=\"last_name\" placeholder=\"\" value=\"\" required=\"required\" data-label=\"Apellido\" \/> <\/span> <\/div>\t\t\t\t\t\t\t\t<\/div>\n\t\t\t\t\t\t\t\t\t\t\t\t\t\t<\/div>\n\t\t\t\t\t\t\t\t\t\t\t<\/div>\n\t\t\t\t\t<div class=\"ur-form-row\" data-row-id=\"1\">\t\t\t\t\t\t<div class=\"ur-form-grid ur-grid-1\"\n\t\t\t\t\t\t\tstyle=\"width:99%\">\n\t\t\t\t\t\t\t\t\t\t\t\t\t\t<div data-field-id=\"description\" class=\"ur-field-item field-description \" data-ref-id=\"description\">\n\t\t\t\t\t\t\t\t\t<div class=\"form-row \" id=\"description_field\" data-priority=\"\" ><label for=\"description\" class=\"ur-label\">Biograf\u00eda del usuario<\/label><textarea style=\"margin-bottom:0px;\" data-rules=\"\" data-id=\"description\" name=\"description\" class=\"input-text ur-frontend-field  \" id=\"description\" placeholder=\"\"  rows=\"2\" cols=\"5\"data-label=\"Biograf\u00eda del usuario\"><\/textarea><div style=\"text-align: right; font-size:14px; color:#737373; margin-top:0px;\"> <div class=\"ur-input-count\" data-count-type=\"characters\" style=\"display: inline-block; margin-right: 1px;\">0<\/div><div style=\"display: inline-block;\">&nbsp;characters<\/div><\/div><\/div>\t\t\t\t\t\t\t\t<\/div>\n\t\t\t\t\t\t\t\t\t\t\t\t\t\t\t\t<div data-field-id=\"privacy_policy_1703094169\" class=\"ur-field-item field-checkbox \" data-ref-id=\"privacy_policy_1703094169\">\n\t\t\t\t\t\t\t\t\t<div class=\"form-row validate-required\" id=\"privacy_policy_1703094169_field\" data-priority=\"\" ><label class=\"ur-label\" required=\"required\" data-label=\"Descargo de responsabilidad\">Descargo de responsabilidad <abbr class=\"required\" title=\"required\">*<\/abbr><\/label><ul ><li class=\"ur-checkbox-list\"><input data-rules=\"\" data-id=\"privacy_policy_1703094169[]\" required=\"required\" data-label=\"Descargo de responsabilidad\" data-value=\"He le\u00eddo y acepto el tratamiento de datos seg\u00fan el aviso legal\" type=\"checkbox\" class=\"input-checkbox ur-frontend-field \" name=\"privacy_policy_1703094169[]\" id=\"privacy_policy_1703094169_He le\u00eddo y acepto el tratamiento de datos seg\u00fan el aviso legal\" value=\"He le\u00eddo y acepto el tratamiento de datos seg\u00fan el aviso legal\" \/><label class=\"ur-checkbox-label\" for=\"privacy_policy_1703094169_He le\u00eddo y acepto el tratamiento de datos seg\u00fan el aviso legal\">He le\u00eddo y acepto el tratamiento de datos seg\u00fan el <a href='https:\/\/lucaninelmondo.regione.basilicata.it\/liberatoria\/' target='_blank'>aviso legal<\/a><\/label> <\/li><\/ul><\/div>\t\t\t\t\t\t\t\t<\/div>\n\t\t\t\t\t\t\t\t\t\t\t\t\t\t\t\t<div data-field-id=\"privacy_policy_1716997390802\" class=\"ur-field-item field-checkbox \" data-ref-id=\"privacy_policy_1716997390802\">\n\t\t\t\t\t\t\t\t\t<div class=\"form-row validate-required\" id=\"privacy_policy_1716997390802_field\" data-priority=\"\" ><label class=\"ur-label\" required=\"required\" data-label=\"Privacy policy\">Privacy policy <abbr class=\"required\" title=\"required\">*<\/abbr><\/label><ul ><li class=\"ur-checkbox-list\"><input data-rules=\"\" data-id=\"privacy_policy_1716997390802[]\" required=\"required\" data-label=\"Privacy policy\" data-value=\"He le\u00eddo y consiento el tratamiento de datos personales seg\u00fan la pol\u00edtica de privacidad\" type=\"checkbox\" class=\"input-checkbox ur-frontend-field \" name=\"privacy_policy_1716997390802[]\" id=\"privacy_policy_1716997390802_He le\u00eddo y consiento el tratamiento de datos personales seg\u00fan la pol\u00edtica de privacidad\" value=\"He le\u00eddo y consiento el tratamiento de datos personales seg\u00fan la pol\u00edtica de privacidad\" \/><label class=\"ur-checkbox-label\" for=\"privacy_policy_1716997390802_He le\u00eddo y consiento el tratamiento de datos personales seg\u00fan la pol\u00edtica de privacidad\">He le\u00eddo y consiento el tratamiento de datos personales seg\u00fan la <a href='https:\/\/lucaninelmondo.regione.basilicata.it\/privacy-policy\/' target='_blank'>pol\u00edtica de privacidad<\/a><\/label> <\/li><\/ul><\/div>\t\t\t\t\t\t\t\t<\/div>\n\t\t\t\t\t\t\t\t\t\t\t\t\t\t<\/div>\n\t\t\t\t\t\t\t\t\t\t\t<\/div>\n\t\t\t\t\t\t\t\t\t\t\t\t\t\t\t\t\t<div class=\"ur-button-container \" >\n\t\t\t\t\t\t\t\t\t\t\t\t\t\t<button type=\"submit\" class=\"btn button ur-submit-button \" conditional_rules=\"&quot;&quot;\">\n\t\t\t\t\t\t\t\t<span><\/span>\n\t\t\t\t\t\t\t\tIscriviti\t\t\t\t\t\t\t<\/button>\n\t\t\t\t\t\t\t\t\t\t\t\t\t\t\t\t\t\t\t\t<\/div>\n\t\t\t\t\t\t\n\t\t\t\t<div style=\"clear:both\"><\/div>\n\t\t\t\t\t\t\t\t<input type=\"hidden\" name=\"ur-registration-language\" value=\"es\"\/>\n\t\t\t\t<input type=\"hidden\" name=\"ur-user-form-id\" value=\"999\"\/>\n\t\t\t\t<input type=\"hidden\" name=\"ur-redirect-url\" value=\"https:\/\/lucaninelmondo.regione.basilicata.it\/es\/account\/\"\/>\n\t\t\t\t<input type=\"hidden\" id=\"ur_frontend_form_nonce\" name=\"ur_frontend_form_nonce\" value=\"942eff5f49\" \/>\n\t\t\t\t\t\t\t<\/form>\n\t\t\t\n\t\t<div style=\"clear:both\"><\/div>\n\t<\/div>\n\n","protected":false},"excerpt":{"rendered":"<p>\u00bfQuieres mantenerte siempre actualizado sobre la comunidad de lucanos en el mundo? \u00bfQuieres participar en las actividades que se realizan en Italia y en el extranjero dentro de las comunidades? \u00a1Reg\u00edstrate en la plataforma y forma parte de la comunidad!<\/p>\n","protected":false},"author":1,"featured_media":0,"parent":0,"menu_order":0,"comment_status":"closed","ping_status":"closed","template":"","meta":{"_acf_changed":false,"footnotes":""},"class_list":["post-632","page","type-page","status-publish","hentry"],"acf":[],"yoast_head":"\n<title>Registrarse como usuario &#8211; Lucani nel Mondo<\/title>\n<meta name=\"description\" content=\"\u00bfQuieres mantenerte siempre actualizado sobre la comunidad de lucanos en el mundo? \u00bfQuieres participar en las actividades que se realizan en Italia y en el extranjero dentro de las comunidades?\u00a1Reg\u00edstrate en la plataforma y forma parte de la comunidad!\" \/>\n<meta name=\"robots\" content=\"index, follow, max-snippet:-1, max-image-preview:large, max-video-preview:-1\" \/>\n<link rel=\"canonical\" href=\"https:\/\/lucaninelmondo.regione.basilicata.it\/es\/registra-usuario\/\" \/>\n<meta property=\"og:locale\" content=\"es_ES\" \/>\n<meta property=\"og:type\" content=\"article\" \/>\n<meta property=\"og:title\" content=\"Registrarse como usuario &#8211; Lucani nel Mondo\" \/>\n<meta property=\"og:description\" content=\"\u00bfQuieres mantenerte siempre actualizado sobre la comunidad de lucanos en el mundo? \u00bfQuieres participar en las actividades que se realizan en Italia y en el extranjero dentro de las comunidades?\u00a1Reg\u00edstrate en la plataforma y forma parte de la comunidad!\" \/>\n<meta property=\"og:url\" content=\"https:\/\/lucaninelmondo.regione.basilicata.it\/es\/registra-usuario\/\" \/>\n<meta property=\"og:site_name\" content=\"Lucani nel Mondo\" \/>\n<meta property=\"article:modified_time\" content=\"2024-11-13T10:48:26+00:00\" \/>\n<meta property=\"og:image\" content=\"https:\/\/lucaninelmondo.regione.basilicata.it\/wp-content\/uploads\/2023\/12\/segnaposto.jpg\" \/>\n\t<meta property=\"og:image:width\" content=\"1400\" \/>\n\t<meta property=\"og:image:height\" content=\"1400\" \/>\n\t<meta property=\"og:image:type\" content=\"image\/jpeg\" \/>\n<script type=\"application\/ld+json\" class=\"yoast-schema-graph\">{\"@context\":\"https:\/\/schema.org\",\"@graph\":[{\"@type\":\"WebPage\",\"@id\":\"https:\/\/lucaninelmondo.regione.basilicata.it\/es\/registra-usuario\/\",\"url\":\"https:\/\/lucaninelmondo.regione.basilicata.it\/es\/registra-usuario\/\",\"name\":\"Registrarse como usuario &#8211; Lucani nel Mondo\",\"isPartOf\":{\"@id\":\"https:\/\/lucaninelmondo.regione.basilicata.it\/es\/#website\"},\"datePublished\":\"2023-12-01T17:05:06+00:00\",\"dateModified\":\"2024-11-13T10:48:26+00:00\",\"description\":\"\u00bfQuieres mantenerte siempre actualizado sobre la comunidad de lucanos en el mundo? \u00bfQuieres participar en las actividades que se realizan en Italia y en el extranjero dentro de las comunidades?\u00a1Reg\u00edstrate en la plataforma y forma parte de la comunidad!\",\"breadcrumb\":{\"@id\":\"https:\/\/lucaninelmondo.regione.basilicata.it\/es\/registra-usuario\/#breadcrumb\"},\"inLanguage\":\"es\",\"potentialAction\":[{\"@type\":\"ReadAction\",\"target\":[\"https:\/\/lucaninelmondo.regione.basilicata.it\/es\/registra-usuario\/\"]}]},{\"@type\":\"BreadcrumbList\",\"@id\":\"https:\/\/lucaninelmondo.regione.basilicata.it\/es\/registra-usuario\/#breadcrumb\",\"itemListElement\":[{\"@type\":\"ListItem\",\"position\":1,\"name\":\"Home\",\"item\":\"https:\/\/lucaninelmondo.regione.basilicata.it\/es\/\"},{\"@type\":\"ListItem\",\"position\":2,\"name\":\"Registrarse como usuario\"}]},{\"@type\":\"WebSite\",\"@id\":\"https:\/\/lucaninelmondo.regione.basilicata.it\/es\/#website\",\"url\":\"https:\/\/lucaninelmondo.regione.basilicata.it\/es\/\",\"name\":\"Lucani nel Mondo\",\"description\":\"\",\"publisher\":{\"@id\":\"https:\/\/lucaninelmondo.regione.basilicata.it\/es\/#organization\"},\"potentialAction\":[{\"@type\":\"SearchAction\",\"target\":{\"@type\":\"EntryPoint\",\"urlTemplate\":\"https:\/\/lucaninelmondo.regione.basilicata.it\/es\/?s={search_term_string}\"},\"query-input\":{\"@type\":\"PropertyValueSpecification\",\"valueRequired\":true,\"valueName\":\"search_term_string\"}}],\"inLanguage\":\"es\"},{\"@type\":\"Organization\",\"@id\":\"https:\/\/lucaninelmondo.regione.basilicata.it\/es\/#organization\",\"name\":\"Lucani nel Mondo\",\"url\":\"https:\/\/lucaninelmondo.regione.basilicata.it\/es\/\",\"logo\":{\"@type\":\"ImageObject\",\"inLanguage\":\"es\",\"@id\":\"https:\/\/lucaninelmondo.regione.basilicata.it\/es\/#\/schema\/logo\/image\/\",\"url\":\"https:\/\/lucaninelmondo.regione.basilicata.it\/wp-content\/uploads\/2023\/11\/logo_header.png\",\"contentUrl\":\"https:\/\/lucaninelmondo.regione.basilicata.it\/wp-content\/uploads\/2023\/11\/logo_header.png\",\"width\":283,\"height\":284,\"caption\":\"Lucani nel Mondo\"},\"image\":{\"@id\":\"https:\/\/lucaninelmondo.regione.basilicata.it\/es\/#\/schema\/logo\/image\/\"}}]}<\/script>\n","yoast_head_json":{"title":"Registrarse como usuario &#8211; Lucani nel Mondo","description":"\u00bfQuieres mantenerte siempre actualizado sobre la comunidad de lucanos en el mundo? \u00bfQuieres participar en las actividades que se realizan en Italia y en el extranjero dentro de las comunidades?\u00a1Reg\u00edstrate en la plataforma y forma parte de la comunidad!","robots":{"index":"index","follow":"follow","max-snippet":"max-snippet:-1","max-image-preview":"max-image-preview:large","max-video-preview":"max-video-preview:-1"},"canonical":"https:\/\/lucaninelmondo.regione.basilicata.it\/es\/registra-usuario\/","og_locale":"es_ES","og_type":"article","og_title":"Registrarse como usuario &#8211; Lucani nel Mondo","og_description":"\u00bfQuieres mantenerte siempre actualizado sobre la comunidad de lucanos en el mundo? \u00bfQuieres participar en las actividades que se realizan en Italia y en el extranjero dentro de las comunidades?\u00a1Reg\u00edstrate en la plataforma y forma parte de la comunidad!","og_url":"https:\/\/lucaninelmondo.regione.basilicata.it\/es\/registra-usuario\/","og_site_name":"Lucani nel Mondo","article_modified_time":"2024-11-13T10:48:26+00:00","og_image":[{"width":1400,"height":1400,"url":"https:\/\/lucaninelmondo.regione.basilicata.it\/wp-content\/uploads\/2023\/12\/segnaposto.jpg","type":"image\/jpeg"}],"schema":{"@context":"https:\/\/schema.org","@graph":[{"@type":"WebPage","@id":"https:\/\/lucaninelmondo.regione.basilicata.it\/es\/registra-usuario\/","url":"https:\/\/lucaninelmondo.regione.basilicata.it\/es\/registra-usuario\/","name":"Registrarse como usuario &#8211; Lucani nel Mondo","isPartOf":{"@id":"https:\/\/lucaninelmondo.regione.basilicata.it\/es\/#website"},"datePublished":"2023-12-01T17:05:06+00:00","dateModified":"2024-11-13T10:48:26+00:00","description":"\u00bfQuieres mantenerte siempre actualizado sobre la comunidad de lucanos en el mundo? \u00bfQuieres participar en las actividades que se realizan en Italia y en el extranjero dentro de las comunidades?\u00a1Reg\u00edstrate en la plataforma y forma parte de la comunidad!","breadcrumb":{"@id":"https:\/\/lucaninelmondo.regione.basilicata.it\/es\/registra-usuario\/#breadcrumb"},"inLanguage":"es","potentialAction":[{"@type":"ReadAction","target":["https:\/\/lucaninelmondo.regione.basilicata.it\/es\/registra-usuario\/"]}]},{"@type":"BreadcrumbList","@id":"https:\/\/lucaninelmondo.regione.basilicata.it\/es\/registra-usuario\/#breadcrumb","itemListElement":[{"@type":"ListItem","position":1,"name":"Home","item":"https:\/\/lucaninelmondo.regione.basilicata.it\/es\/"},{"@type":"ListItem","position":2,"name":"Registrarse como usuario"}]},{"@type":"WebSite","@id":"https:\/\/lucaninelmondo.regione.basilicata.it\/es\/#website","url":"https:\/\/lucaninelmondo.regione.basilicata.it\/es\/","name":"Lucani nel Mondo","description":"","publisher":{"@id":"https:\/\/lucaninelmondo.regione.basilicata.it\/es\/#organization"},"potentialAction":[{"@type":"SearchAction","target":{"@type":"EntryPoint","urlTemplate":"https:\/\/lucaninelmondo.regione.basilicata.it\/es\/?s={search_term_string}"},"query-input":{"@type":"PropertyValueSpecification","valueRequired":true,"valueName":"search_term_string"}}],"inLanguage":"es"},{"@type":"Organization","@id":"https:\/\/lucaninelmondo.regione.basilicata.it\/es\/#organization","name":"Lucani nel Mondo","url":"https:\/\/lucaninelmondo.regione.basilicata.it\/es\/","logo":{"@type":"ImageObject","inLanguage":"es","@id":"https:\/\/lucaninelmondo.regione.basilicata.it\/es\/#\/schema\/logo\/image\/","url":"https:\/\/lucaninelmondo.regione.basilicata.it\/wp-content\/uploads\/2023\/11\/logo_header.png","contentUrl":"https:\/\/lucaninelmondo.regione.basilicata.it\/wp-content\/uploads\/2023\/11\/logo_header.png","width":283,"height":284,"caption":"Lucani nel Mondo"},"image":{"@id":"https:\/\/lucaninelmondo.regione.basilicata.it\/es\/#\/schema\/logo\/image\/"}}]}},"_links":{"self":[{"href":"https:\/\/lucaninelmondo.regione.basilicata.it\/es\/wp-json\/wp\/v2\/pages\/632","targetHints":{"allow":["GET"]}}],"collection":[{"href":"https:\/\/lucaninelmondo.regione.basilicata.it\/es\/wp-json\/wp\/v2\/pages"}],"about":[{"href":"https:\/\/lucaninelmondo.regione.basilicata.it\/es\/wp-json\/wp\/v2\/types\/page"}],"author":[{"embeddable":true,"href":"https:\/\/lucaninelmondo.regione.basilicata.it\/es\/wp-json\/wp\/v2\/users\/1"}],"replies":[{"embeddable":true,"href":"https:\/\/lucaninelmondo.regione.basilicata.it\/es\/wp-json\/wp\/v2\/comments?post=632"}],"version-history":[{"count":5,"href":"https:\/\/lucaninelmondo.regione.basilicata.it\/es\/wp-json\/wp\/v2\/pages\/632\/revisions"}],"predecessor-version":[{"id":1000,"href":"https:\/\/lucaninelmondo.regione.basilicata.it\/es\/wp-json\/wp\/v2\/pages\/632\/revisions\/1000"}],"wp:attachment":[{"href":"https:\/\/lucaninelmondo.regione.basilicata.it\/es\/wp-json\/wp\/v2\/media?parent=632"}],"curies":[{"name":"wp","href":"https:\/\/api.w.org\/{rel}","templated":true}]}}