{"id":37,"date":"2023-11-29T19:06:10","date_gmt":"2023-11-29T18:06:10","guid":{"rendered":"https:\/\/lucaninelmondo.regione.basilicata.it\/pagina-di-esempio\/"},"modified":"2024-11-13T12:50:35","modified_gmt":"2024-11-13T11:50:35","slug":"lucani-nel-mondo","status":"publish","type":"page","link":"https:\/\/lucaninelmondo.regione.basilicata.it\/es\/","title":{"rendered":"Home"},"content":{"rendered":"","protected":false},"excerpt":{"rendered":"","protected":false},"author":1,"featured_media":67,"parent":0,"menu_order":0,"comment_status":"closed","ping_status":"open","template":"home_page.php","meta":{"_acf_changed":false,"footnotes":""},"class_list":["post-37","page","type-page","status-publish","has-post-thumbnail","hentry"],"acf":[],"yoast_head":"\n<title>Lucani nel Mondo<\/title>\n<meta name=\"description\" content=\"La plataforma Lucaninelmondo est\u00e1 concebida como una herramienta interactiva, de informaci\u00f3n y de conexi\u00f3n entre Bas\u00edlicata y los lucanos en Italia y en el extranjero.\" \/>\n<meta name=\"robots\" content=\"index, follow, max-snippet:-1, max-image-preview:large, max-video-preview:-1\" \/>\n<link rel=\"canonical\" href=\"https:\/\/lucaninelmondo.regione.basilicata.it\/es\/\" \/>\n<meta property=\"og:locale\" content=\"es_ES\" \/>\n<meta property=\"og:type\" content=\"article\" \/>\n<meta property=\"og:title\" content=\"Lucani nel Mondo\" \/>\n<meta property=\"og:description\" content=\"La plataforma Lucaninelmondo est\u00e1 concebida como una herramienta interactiva, de informaci\u00f3n y de conexi\u00f3n entre Bas\u00edlicata y los lucanos en Italia y en el extranjero.\" \/>\n<meta property=\"og:url\" content=\"https:\/\/lucaninelmondo.regione.basilicata.it\/es\/\" \/>\n<meta property=\"og:site_name\" content=\"Lucani nel Mondo\" \/>\n<meta property=\"article:modified_time\" content=\"2024-11-13T11:50:35+00:00\" \/>\n<meta property=\"og:image\" content=\"https:\/\/lucaninelmondo.regione.basilicata.it\/wp-content\/uploads\/2023\/12\/01.png\" \/>\n\t<meta property=\"og:image:width\" content=\"1920\" \/>\n\t<meta property=\"og:image:height\" content=\"1080\" \/>\n\t<meta property=\"og:image:type\" content=\"image\/png\" \/>\n<script type=\"application\/ld+json\" class=\"yoast-schema-graph\">{\"@context\":\"https:\/\/schema.org\",\"@graph\":[{\"@type\":\"WebPage\",\"@id\":\"https:\/\/lucaninelmondo.regione.basilicata.it\/es\/\",\"url\":\"https:\/\/lucaninelmondo.regione.basilicata.it\/es\/\",\"name\":\"Lucani nel Mondo\",\"isPartOf\":{\"@id\":\"https:\/\/lucaninelmondo.regione.basilicata.it\/es\/#website\"},\"primaryImageOfPage\":{\"@id\":\"https:\/\/lucaninelmondo.regione.basilicata.it\/es\/#primaryimage\"},\"image\":{\"@id\":\"https:\/\/lucaninelmondo.regione.basilicata.it\/es\/#primaryimage\"},\"thumbnailUrl\":\"https:\/\/lucaninelmondo.regione.basilicata.it\/wp-content\/uploads\/2023\/12\/01.png\",\"datePublished\":\"2023-11-29T18:06:10+00:00\",\"dateModified\":\"2024-11-13T11:50:35+00:00\",\"description\":\"La plataforma Lucaninelmondo est\u00e1 concebida como una herramienta interactiva, de informaci\u00f3n y de conexi\u00f3n entre Bas\u00edlicata y los lucanos en Italia y en el extranjero.\",\"breadcrumb\":{\"@id\":\"https:\/\/lucaninelmondo.regione.basilicata.it\/es\/#breadcrumb\"},\"inLanguage\":\"es\",\"potentialAction\":[{\"@type\":\"ReadAction\",\"target\":[\"https:\/\/lucaninelmondo.regione.basilicata.it\/es\/\"]}]},{\"@type\":\"ImageObject\",\"inLanguage\":\"es\",\"@id\":\"https:\/\/lucaninelmondo.regione.basilicata.it\/es\/#primaryimage\",\"url\":\"https:\/\/lucaninelmondo.regione.basilicata.it\/wp-content\/uploads\/2023\/12\/01.png\",\"contentUrl\":\"https:\/\/lucaninelmondo.regione.basilicata.it\/wp-content\/uploads\/2023\/12\/01.png\",\"width\":1920,\"height\":1080},{\"@type\":\"BreadcrumbList\",\"@id\":\"https:\/\/lucaninelmondo.regione.basilicata.it\/es\/#breadcrumb\",\"itemListElement\":[{\"@type\":\"ListItem\",\"position\":1,\"name\":\"Home\",\"item\":\"https:\/\/lucaninelmondo.regione.basilicata.it\/es\/\"},{\"@type\":\"ListItem\",\"position\":2,\"name\":\"Home\"}]},{\"@type\":\"WebSite\",\"@id\":\"https:\/\/lucaninelmondo.regione.basilicata.it\/es\/#website\",\"url\":\"https:\/\/lucaninelmondo.regione.basilicata.it\/es\/\",\"name\":\"Lucani nel Mondo\",\"description\":\"\",\"publisher\":{\"@id\":\"https:\/\/lucaninelmondo.regione.basilicata.it\/es\/#organization\"},\"potentialAction\":[{\"@type\":\"SearchAction\",\"target\":{\"@type\":\"EntryPoint\",\"urlTemplate\":\"https:\/\/lucaninelmondo.regione.basilicata.it\/es\/?s={search_term_string}\"},\"query-input\":{\"@type\":\"PropertyValueSpecification\",\"valueRequired\":true,\"valueName\":\"search_term_string\"}}],\"inLanguage\":\"es\"},{\"@type\":\"Organization\",\"@id\":\"https:\/\/lucaninelmondo.regione.basilicata.it\/es\/#organization\",\"name\":\"Lucani nel Mondo\",\"url\":\"https:\/\/lucaninelmondo.regione.basilicata.it\/es\/\",\"logo\":{\"@type\":\"ImageObject\",\"inLanguage\":\"es\",\"@id\":\"https:\/\/lucaninelmondo.regione.basilicata.it\/es\/#\/schema\/logo\/image\/\",\"url\":\"https:\/\/lucaninelmondo.regione.basilicata.it\/wp-content\/uploads\/2023\/11\/logo_header.png\",\"contentUrl\":\"https:\/\/lucaninelmondo.regione.basilicata.it\/wp-content\/uploads\/2023\/11\/logo_header.png\",\"width\":283,\"height\":284,\"caption\":\"Lucani nel Mondo\"},\"image\":{\"@id\":\"https:\/\/lucaninelmondo.regione.basilicata.it\/es\/#\/schema\/logo\/image\/\"}}]}<\/script>\n","yoast_head_json":{"title":"Lucani nel Mondo","description":"La plataforma Lucaninelmondo est\u00e1 concebida como una herramienta interactiva, de informaci\u00f3n y de conexi\u00f3n entre Bas\u00edlicata y los lucanos en Italia y en el extranjero.","robots":{"index":"index","follow":"follow","max-snippet":"max-snippet:-1","max-image-preview":"max-image-preview:large","max-video-preview":"max-video-preview:-1"},"canonical":"https:\/\/lucaninelmondo.regione.basilicata.it\/es\/","og_locale":"es_ES","og_type":"article","og_title":"Lucani nel Mondo","og_description":"La plataforma Lucaninelmondo est\u00e1 concebida como una herramienta interactiva, de informaci\u00f3n y de conexi\u00f3n entre Bas\u00edlicata y los lucanos en Italia y en el extranjero.","og_url":"https:\/\/lucaninelmondo.regione.basilicata.it\/es\/","og_site_name":"Lucani nel Mondo","article_modified_time":"2024-11-13T11:50:35+00:00","og_image":[{"width":1920,"height":1080,"url":"https:\/\/lucaninelmondo.regione.basilicata.it\/wp-content\/uploads\/2023\/12\/01.png","type":"image\/png"}],"schema":{"@context":"https:\/\/schema.org","@graph":[{"@type":"WebPage","@id":"https:\/\/lucaninelmondo.regione.basilicata.it\/es\/","url":"https:\/\/lucaninelmondo.regione.basilicata.it\/es\/","name":"Lucani nel Mondo","isPartOf":{"@id":"https:\/\/lucaninelmondo.regione.basilicata.it\/es\/#website"},"primaryImageOfPage":{"@id":"https:\/\/lucaninelmondo.regione.basilicata.it\/es\/#primaryimage"},"image":{"@id":"https:\/\/lucaninelmondo.regione.basilicata.it\/es\/#primaryimage"},"thumbnailUrl":"https:\/\/lucaninelmondo.regione.basilicata.it\/wp-content\/uploads\/2023\/12\/01.png","datePublished":"2023-11-29T18:06:10+00:00","dateModified":"2024-11-13T11:50:35+00:00","description":"La plataforma Lucaninelmondo est\u00e1 concebida como una herramienta interactiva, de informaci\u00f3n y de conexi\u00f3n entre Bas\u00edlicata y los lucanos en Italia y en el extranjero.","breadcrumb":{"@id":"https:\/\/lucaninelmondo.regione.basilicata.it\/es\/#breadcrumb"},"inLanguage":"es","potentialAction":[{"@type":"ReadAction","target":["https:\/\/lucaninelmondo.regione.basilicata.it\/es\/"]}]},{"@type":"ImageObject","inLanguage":"es","@id":"https:\/\/lucaninelmondo.regione.basilicata.it\/es\/#primaryimage","url":"https:\/\/lucaninelmondo.regione.basilicata.it\/wp-content\/uploads\/2023\/12\/01.png","contentUrl":"https:\/\/lucaninelmondo.regione.basilicata.it\/wp-content\/uploads\/2023\/12\/01.png","width":1920,"height":1080},{"@type":"BreadcrumbList","@id":"https:\/\/lucaninelmondo.regione.basilicata.it\/es\/#breadcrumb","itemListElement":[{"@type":"ListItem","position":1,"name":"Home","item":"https:\/\/lucaninelmondo.regione.basilicata.it\/es\/"},{"@type":"ListItem","position":2,"name":"Home"}]},{"@type":"WebSite","@id":"https:\/\/lucaninelmondo.regione.basilicata.it\/es\/#website","url":"https:\/\/lucaninelmondo.regione.basilicata.it\/es\/","name":"Lucani nel Mondo","description":"","publisher":{"@id":"https:\/\/lucaninelmondo.regione.basilicata.it\/es\/#organization"},"potentialAction":[{"@type":"SearchAction","target":{"@type":"EntryPoint","urlTemplate":"https:\/\/lucaninelmondo.regione.basilicata.it\/es\/?s={search_term_string}"},"query-input":{"@type":"PropertyValueSpecification","valueRequired":true,"valueName":"search_term_string"}}],"inLanguage":"es"},{"@type":"Organization","@id":"https:\/\/lucaninelmondo.regione.basilicata.it\/es\/#organization","name":"Lucani nel Mondo","url":"https:\/\/lucaninelmondo.regione.basilicata.it\/es\/","logo":{"@type":"ImageObject","inLanguage":"es","@id":"https:\/\/lucaninelmondo.regione.basilicata.it\/es\/#\/schema\/logo\/image\/","url":"https:\/\/lucaninelmondo.regione.basilicata.it\/wp-content\/uploads\/2023\/11\/logo_header.png","contentUrl":"https:\/\/lucaninelmondo.regione.basilicata.it\/wp-content\/uploads\/2023\/11\/logo_header.png","width":283,"height":284,"caption":"Lucani nel Mondo"},"image":{"@id":"https:\/\/lucaninelmondo.regione.basilicata.it\/es\/#\/schema\/logo\/image\/"}}]}},"_links":{"self":[{"href":"https:\/\/lucaninelmondo.regione.basilicata.it\/es\/wp-json\/wp\/v2\/pages\/37","targetHints":{"allow":["GET"]}}],"collection":[{"href":"https:\/\/lucaninelmondo.regione.basilicata.it\/es\/wp-json\/wp\/v2\/pages"}],"about":[{"href":"https:\/\/lucaninelmondo.regione.basilicata.it\/es\/wp-json\/wp\/v2\/types\/page"}],"author":[{"embeddable":true,"href":"https:\/\/lucaninelmondo.regione.basilicata.it\/es\/wp-json\/wp\/v2\/users\/1"}],"replies":[{"embeddable":true,"href":"https:\/\/lucaninelmondo.regione.basilicata.it\/es\/wp-json\/wp\/v2\/comments?post=37"}],"version-history":[{"count":29,"href":"https:\/\/lucaninelmondo.regione.basilicata.it\/es\/wp-json\/wp\/v2\/pages\/37\/revisions"}],"predecessor-version":[{"id":1211,"href":"https:\/\/lucaninelmondo.regione.basilicata.it\/es\/wp-json\/wp\/v2\/pages\/37\/revisions\/1211"}],"wp:featuredmedia":[{"embeddable":true,"href":"https:\/\/lucaninelmondo.regione.basilicata.it\/es\/wp-json\/wp\/v2\/media\/67"}],"wp:attachment":[{"href":"https:\/\/lucaninelmondo.regione.basilicata.it\/es\/wp-json\/wp\/v2\/media?parent=37"}],"curies":[{"name":"wp","href":"https:\/\/api.w.org\/{rel}","templated":true}]}}